{"id":2,"date":"2016-09-01T11:42:04","date_gmt":"2016-09-01T10:42:04","guid":{"rendered":"http:\/\/omsrostrenen.fr\/?page_id=2"},"modified":"2024-12-23T14:18:33","modified_gmt":"2024-12-23T13:18:33","slug":"page-d-exemple","status":"publish","type":"page","link":"https:\/\/omsrostrenen.fr\/","title":{"rendered":""},"content":{"rendered":"<div class=\"wp-block-image\">\n<figure class=\"alignleft size-large is-resized\"><img decoding=\"async\" loading=\"lazy\" src=\"http:\/\/omsrostrenen.fr\/wp-content\/uploads\/2022\/07\/logo-color-fond-blanc.jpg\" alt=\"\" class=\"wp-image-256\" width=\"190\" height=\"190\" srcset=\"https:\/\/omsrostrenen.fr\/wp-content\/uploads\/2022\/07\/logo-color-fond-blanc.jpg 1000w, https:\/\/omsrostrenen.fr\/wp-content\/uploads\/2022\/07\/logo-color-fond-blanc-300x300.jpg 300w, https:\/\/omsrostrenen.fr\/wp-content\/uploads\/2022\/07\/logo-color-fond-blanc-150x150.jpg 150w, https:\/\/omsrostrenen.fr\/wp-content\/uploads\/2022\/07\/logo-color-fond-blanc-768x768.jpg 768w\" sizes=\"(max-width: 190px) 100vw, 190px\" \/><\/figure><\/div>\n\n\n<p><\/p>\n\n\n\n<p><span style=\"color: #3366ff;\"><em><strong>Tout au long de l&#8217;ann\u00e9e, l&#8217;Office des Sports de Rostrenen (association, loi 1901) propose des activit\u00e9s sportives et de loisirs, pour tous niveaux et tous \u00e2ges.<\/strong> <\/em><\/span><\/p>\n\n\n\n<p><span style=\"color: #ff0000;\"><strong>&nbsp;&nbsp;&nbsp;&nbsp;&nbsp;&nbsp;&nbsp; &nbsp; &nbsp; &nbsp; &nbsp; &nbsp; &nbsp; &nbsp; &nbsp; &nbsp; &nbsp;&nbsp;&nbsp;&nbsp;&nbsp;&nbsp; <\/strong><\/span><\/p>\n\n\n\n<h2 class=\"wp-block-heading has-text-align-center\"><strong><span style=\"color: #333399;\">2024 \/ 2025 sera sur le signe <\/span><\/strong><strong><span style=\"color: #333399;\">du sport sant\u00e9&nbsp; bien \u00eatre pour tous !!!&nbsp;<\/span> <\/strong><\/h2>\n\n\n\n<p class=\"has-text-align-center\"><strong><span style=\"color: #ff0000;\">Quelles que soient vos envies du moment,&nbsp; nous pouvons vous proposer une Activit\u00e9 Physique qui vous correspond soit au sein de notre association ou via nos partenaires !!!<\/span> <\/strong><\/p>\n\n\n\n<hr class=\"wp-block-separator has-alpha-channel-opacity\"\/>\n\n\n\n<h2 class=\"wp-block-heading has-text-align-center\"><span style=\"color: #000080;\">Activit\u00e9s OMS Rostrenen 2024 \/2025 <br><\/span><\/h2>\n\n\n\n<hr class=\"wp-block-separator has-alpha-channel-opacity\"\/>\n\n\n\n<p class=\"has-text-align-center has-medium-font-size\"><span style=\"color: #333399;\"><strong>Gymnastique enfants 7\/11 ans, 90 \u20ac l&#8217;ann\u00e9e <em>(d\u00e9but semaine 38)<\/em><\/strong> <\/span><\/p>\n\n\n\n<p class=\"has-text-align-center\"><em>au 3 \u00e9tage de l espace associatif impasse du colombier<\/em><\/p>\n\n\n\n<p class=\"has-text-align-center\">n\u00e9e en 2013 \/ 2014 \/2015 \/ 2016 ( 2\u00e8me ann\u00e9e de Gym ) <strong>le mercredi de 13h30 \u00e0 14h45<\/strong><\/p>\n\n\n\n<p class=\"has-text-align-center has-medium-pink-color has-text-color\"><\/p>\n\n\n\n<p class=\"has-text-align-center\">n\u00e9e en 2016 ( 1er ann\u00e9e de Gym) \/ 2017 \/2018 <strong>le mercredi de 15h \u00e0 16h15 <\/strong><\/p>\n\n\n\n<p class=\"has-text-align-center\"><strong><span style=\"color: #ff0000;\">inscription par mail \u00e0<\/span><\/strong> <a href=\"mailto:ewencaillebot.oms@gmail.com\">mailto:ewencaillebot.oms@gmail.com<\/a><\/p>\n\n\n\n<p class=\"has-text-align-center\"><\/p>\n\n\n\n<p class=\"has-text-align-center has-medium-pink-color has-text-color\"><\/p>\n\n\n\n<p><\/p>\n\n\n\n<p class=\"has-text-align-center has-medium-font-size\"><span style=\"color: #333399;\"><strong>Musculation sant\u00e9 Ados 14\/17 ans, 90 \u20ac l&#8217;ann\u00e9e <em>(d\u00e9but semaine 38)<\/em><\/strong><\/span><\/p>\n\n\n\n<p class=\"has-text-align-center\">\u00e0 la salle <em><span style=\"color: #333333;\">Sport Sant\u00e9 <\/span><\/em>du colombier&nbsp;<\/p>\n\n\n\n<p class=\"has-text-align-center\"><strong> le mercredi de 16h45 \u00e0 18h15<\/strong><\/p>\n\n\n\n<p class=\"has-text-align-center has-medium-pink-color has-text-color\"><strong><span style=\"color: #ff0000;\">inscription par mail \u00e0<\/span><\/strong> <a href=\"mailto:ewencaillebot.oms@gmail.com\">mailto:ewencaillebot.oms@gmail.com<\/a><\/p>\n\n\n\n<p><\/p>\n\n\n\n<p><\/p>\n\n\n\n<p class=\"has-text-align-center has-medium-font-size\"><strong><span style=\"color: #333399;\">Sport sur Ordonnance  ( d\u00e9but semaine 38 ) \/ <\/span><\/strong><\/p>\n\n\n\n<p class=\"has-text-align-center\">\u00e0 la salle<em> Sport Sant\u00e9<\/em> du colombier<\/p>\n\n\n\n<p class=\"has-text-align-center\"> <strong>le mardi de 9h30 \u00e0 10h30<\/strong>, <strong>de 11h \u00e0 12h, de 13h30 \u00e0 14h30<\/strong><\/p>\n\n\n\n<p class=\"has-text-align-center\"><strong>vendredi de 10h 11h et de 12h \u00e0 13h <\/strong><\/p>\n\n\n\n<p class=\"has-text-align-center has-medium-pink-color has-text-color\"><strong><span style=\"color: #ff0000;\">inscription \/ informations par mail \u00e0<\/span> <\/strong><a href=\"mailto:contact@omsrostrenen.fr\"> mailto:contact@omsrostrenen.fr<\/a><strong> <\/strong><\/p>\n\n\n\n<p><\/p>\n\n\n\n<p class=\"has-text-align-center has-text-color has-medium-font-size\" style=\"color:#472aa8\"><strong>Maison Sport Sant\u00e9 <em>(d\u00e9but semaine 38)<\/em><\/strong> <\/p>\n\n\n\n<p class=\"has-text-align-center has-dark-gray-color has-text-color\"><strong>Demandez de RDV pour s&#8217;inscrire dans le protocole<\/strong> <strong>Maison Sport Sant\u00e9<\/strong> <strong>avec l&#8217;ARS Bretagne<\/strong> <a href=\"mailto:contact@omsrostrenen.fr\">mailto:contact@omsrostrenen.fr<\/a><\/p>\n\n\n\n<p class=\"has-text-align-center has-medium-pink-color has-text-color\"><strong>c est quoi une Maison Sport Sant\u00e9 ? lien ci-dessous <\/strong><\/p>\n\n\n\n<p class=\"has-text-align-center has-yellow-color has-text-color\"><a href=\"https:\/\/www.sports.gouv.fr\/maisons-sport-sante-388\" data-type=\"URL\" data-id=\"https:\/\/www.sports.gouv.fr\/maisons-sport-sante-388\">https:\/\/www.sports.gouv.fr\/maisons-sport-sante-388<\/a><\/p>\n\n\n\n<p class=\"has-text-align-center\"><\/p>\n\n\n\n<p><\/p>\n\n\n\n<p class=\"has-text-align-center has-medium-font-size\"><strong><span style=\"color: #333399;\">Sport Sant\u00e9 Bien \u00eatre Adulte  115 \u20ac l&#8217;ann\u00e9e <em>(d\u00e9but semaine 37)<\/em><\/span><\/strong><\/p>\n\n\n\n<p class=\"has-text-align-center\">\u00e0 la salle <em>Sport Sant\u00e9<\/em> du colombier&nbsp;<\/p>\n\n\n\n<p class=\"has-text-align-center\"><strong>le mardi et jeudi<\/strong> <strong>midi de 12h15 \u00e0 13h45<\/strong><\/p>\n\n\n\n<p class=\"has-text-align-center has-medium-pink-color has-text-color\"><strong><span style=\"color: #ff0000;\">inscription par mail \u00e0 <\/span><\/strong><a href=\"mailto:alexandrefernandez.oms@gmail.com\" data-type=\"mailto\" data-id=\"mailto:alexandrefernandez.oms@gmail.com\">mailto:alexandrefernandez.oms@gmail.com<\/a><\/p>\n\n\n\n<hr class=\"wp-block-separator has-alpha-channel-opacity\"\/>\n\n\n\n<h2 class=\"wp-block-heading\"><span style=\"color: #000080;\"><strong><em>Pendant le temps p\u00e9ri-scolaire : &#8220;<\/em><\/strong><strong><em>Cap Sports \u00e0 l&#8217;ann\u00e9e&#8221;<\/em> pour les 06 \/ 11 ans 2024\/2025<br><\/strong><\/span><\/h2>\n\n\n\n<p class=\"has-text-align-center\"><strong>Possibilit\u00e9 de d\u00e9couvrir des activit\u00e9s sportives en rapport avec celles d\u00e9velopp\u00e9es sur le territoire&nbsp; ( basket, gym, tennis, badminton, athl\u00e9tisme, sports de combat&#8230;) et un panel d&#8217;activit\u00e9s sportives compl\u00e9mentaire ( roller, trottinette, tir \u00e0 l arc, sarbacane,&nbsp; KinBall, dodgeball, tchoukball, disc-golf, cirque, hockey&#8230;) sous forme de cycles dans le dispositif&nbsp; \u201cCap Sport \u00e0 l&#8217;ann\u00e9e \u201d<\/strong><\/p>\n\n\n\n<p class=\"has-text-align-center has-medium-pink-color has-text-color\"><strong><span style=\"color: #ff0000;\">En collaboration avec les <\/span>communes de Rostrenen, <\/strong><\/p>\n\n\n\n<p class=\"has-text-align-center has-medium-pink-color has-text-color\"><strong>Plouguernevel, Mellionnec et Kergrist Mo\u00eblou<\/strong><\/p>\n\n\n\n<h2 class=\"wp-block-heading has-bright-blue-color has-text-color has-medium-font-size\"><span style=\"color: #333399;\">Sur Rostrenen !!! (d\u00e9but semaine 38)<br><\/span><\/h2>\n\n\n\n<p class=\"has-text-align-center\"><strong>le mercredi matin de 11h \u00e0 12h pour les 4 \/ 6 ans : 50 \u20ac l ann\u00e9e<\/strong><\/p>\n\n\n\n<p class=\"has-text-align-center\"><strong>le jeudi de 17h \u00e0 18h pour les 7 \/ 10 ans : 50 \u20ac \u00e0 l ann\u00e9e<\/strong> <\/p>\n\n\n\n<h2 class=\"wp-block-heading has-bright-blue-color has-text-color has-medium-font-size\"><span style=\"color: #000080;\">Sur Mellionnec <\/span><span style=\"color: #333399;\">(d\u00e9but semaine 38)<\/span><\/h2>\n\n\n\n<p class=\"has-text-align-center\"><strong>Le mardi soir de 17h \u00e0 18h pour les 4 \/ 10 ans : 25 \u20ac l&#8217;ann\u00e9e<\/strong><\/p>\n\n\n\n<p class=\"has-text-align-center\"><strong>groupe A : GS, CP, CE1 \/ groupe B : CE2, CM1, CM2<\/strong><br><strong>(semaine 1 : groupe A puis semaine 2 groupe B, etc&#8230;)<\/strong><\/p>\n\n\n\n<h2 class=\"wp-block-heading has-medium-font-size\"><span style=\"color: #000080;\">Sur Plouguernevel <\/span><span style=\"color: #333399;\">(d\u00e9but semaine 39)<\/span><\/h2>\n\n\n\n<p class=\"has-text-align-center\"><strong>Le vendredi soir de 17h \u00e0 18h pour les 4 \/ 10 ans : 50 \u20ac l&#8217;ann\u00e9e<\/strong><\/p>\n\n\n\n<h2 class=\"wp-block-heading has-medium-font-size\"><span style=\"color: #000080;\">Sur Kergrist Mo\u00eblou<\/span> <span style=\"color: #333399;\">(d\u00e9but semaine 38)<\/span><\/h2>\n\n\n\n<p class=\"has-text-align-center\"><strong>Le mardi soir de 17h \u00e0 18h pour les 4 \/ 10 ans : 25 \u20ac l&#8217;ann\u00e9e<\/strong><\/p>\n\n\n\n<p class=\"has-text-align-center\"><strong>groupe A : GS, CP, CE1 \/ groupe B : CE2, CM1, CM2<\/strong><br><strong>(semaine 1 : groupe A puis semaine 2 groupe B, etc&#8230;)<\/strong><\/p>\n\n\n\n<hr class=\"wp-block-separator has-alpha-channel-opacity\"\/>\n\n\n\n<div class=\"wp-block-group is-layout-constrained\"><div class=\"wp-block-group__inner-container\">\n<h3 class=\"wp-block-heading has-text-align-center\"><span style=\"color: #ff9900;\">Continuit\u00e9 pour 2024 \/ 2025<\/span><\/h3>\n\n\n\n<p class=\"has-text-align-center has-purple-color has-text-color\"><span style=\"color: #ff9900;\">Intervention de prestataires ext\u00e9rieurs et d&#8217;une tour d&#8217;escalade !!!<strong>!<\/strong><\/span><\/p>\n\n\n\n<p class=\"has-text-align-center has-text-color\" style=\"color:#f5eb16\"><span style=\"color: #ff9900;\">tarif pr\u00e9f\u00e9rentiel pour les &#8220;Cap Sports Vacances&#8221; <\/span><\/p>\n<\/div><\/div>\n\n\n\n<h2 class=\"wp-block-heading has-text-align-center\"><span style=\"color: #3366ff;\"><strong><span style=\"color: #000080;\">Pendant les vacances scolaires :<\/span><\/strong><\/span><\/h2>\n\n\n\n<hr class=\"wp-block-separator has-alpha-channel-opacity\"\/>\n\n\n\n<p class=\"has-text-align-center\"><strong><span style=\"color: #0000ff;\">Cap Sports vacances pour les 6\/11 ans<\/span><\/strong><\/p>\n\n\n\n<p class=\"has-text-align-center\">Pendant les vacances scolaires, la possibilit\u00e9 de d\u00e9couvrir des activit\u00e9s sportives, sous forme de stages dans le dispositif&nbsp; \u201cCap Sport Vacances\u201d sur les installations sportives de la commune de Rostrenen ( Mur d&#8217;escalade, Gymnase Multisports, Skate Park ) et des sorties ( Pump Track, Accrobranche, Kayak, Lazer Game&#8230; )<\/p>\n\n\n\n<p class=\"has-text-align-center has-white-background-color has-text-color has-background\" style=\"color:#1c76d0\"><strong><span style=\"color: #0000ff;\">Animations Ados<\/span> 12 et +<\/strong><\/p>\n\n\n\n<p class=\"has-text-align-center\">Sorties \u00e0 la journ\u00e9e sur le territoire de la Communaut\u00e9 de Commune du Kreiz Breizh  ( kayak, bmx, pump track, Tir \u00e0 l&#8217;Arc Nature ) et en dehors du territoire ( wake board, patinoire, lazer game, bowling )<\/p>\n\n\n\n<hr class=\"wp-block-separator has-alpha-channel-opacity\"\/>\n\n\n\n<p class=\"has-text-align-center has-medium-pink-color has-text-color\"><strong><span style=\"color: #ff0000;\">Renseignements, informations et inscriptions sur<\/span><\/strong> :<\/p>\n\n\n\n<p class=\"has-text-align-center\"><a href=\"mailto:capsports.omsrostrenen@gmail.com\" data-type=\"mailto\" data-id=\"mailto:capsports.omsrostrenen@gmail.com\">mailto:capsports.omsrostrenen@gmail.com<\/a><span style=\"color: #ff0000;\"><\/span><\/p>\n\n\n\n<hr class=\"wp-block-separator has-alpha-channel-opacity\"\/>\n\n\n\n<h2 class=\"wp-block-heading has-text-align-center\"><span style=\"color: #000080;\"><strong>Nos associations sportives partenaires <\/strong><\/span><\/h2>\n\n\n\n<p class=\"has-text-align-center\"><\/p>\n\n\n\n<p class=\"has-text-align-center\"> <strong>Tennis Club Rostrenen  <\/strong><a href=\"https:\/\/tenup.fft.fr\/club\/52220151?utm_source=gmb\" data-type=\"URL\" data-id=\"https:\/\/tenup.fft.fr\/club\/52220151?utm_source=gmb\">https:\/\/tenup.fft.fr\/club\/52220151?utm_source=gmb<\/a><\/p>\n\n\n\n<p class=\"has-text-align-center\"><strong>Bad Club Rostrenen  <\/strong><a href=\"https:\/\/bad-club-rostren.e-monsite.com\/\" data-type=\"URL\" data-id=\"https:\/\/bad-club-rostren.e-monsite.com\/\">https:\/\/bad-club-rostren.e-monsite.com\/<\/a><\/p>\n\n\n\n<p><a href=\"https:\/\/www.facebook.com\/p\/BadClub-Rostren-100028295636441\/?locale=fr_FR\" data-type=\"URL\" data-id=\"https:\/\/www.facebook.com\/p\/BadClub-Rostren-100028295636441\/?locale=fr_FR\">https:\/\/www.facebook.com\/p\/BadClub-Rostren-100028295636441\/?locale=fr_FR<\/a><\/p>\n\n\n\n<p class=\"has-text-align-center\"><strong>Kreiz Breizh Basket<\/strong> <a href=\"https:\/\/kreizbreizhbasketball.kalisport.com\/?fbclid=IwY2xjawFGhp9leHRuA2FlbQIxMAABHbgd5olHEMQQSym0CpQzVoM-weCbM-CZ_86S8Q0bAHAvk9HyOGiLgdQFrQ_aem_EFffRWRTGy3mM_6kmw8MXg\" data-type=\"URL\" data-id=\"https:\/\/kreizbreizhbasketball.kalisport.com\/?fbclid=IwY2xjawFGhp9leHRuA2FlbQIxMAABHbgd5olHEMQQSym0CpQzVoM-weCbM-CZ_86S8Q0bAHAvk9HyOGiLgdQFrQ_aem_EFffRWRTGy3mM_6kmw8MXg\">https:\/\/kreizbreizhbasketball.kalisport.com\/?fbclid=IwY2xjawFGhp9leHRuA2FlbQIxMAABHbgd5olHEMQQSym0CpQzVoM-weCbM-CZ_86S8Q0bAHAvk9HyOGiLgdQFrQ_aem_EFffRWRTGy3mM_6kmw8MXg<\/a><\/p>\n\n\n\n<p class=\"has-text-align-center\"><strong>  <\/strong><a href=\"https:\/\/www.facebook.com\/kreizbreizhbasketball\/\" data-type=\"URL\" data-id=\"https:\/\/www.facebook.com\/kreizbreizhbasketball\/\">https:\/\/www.facebook.com\/kreizbreizhbasketball\/<\/a><\/p>\n\n\n\n<p class=\"has-text-align-center\"><strong>Rostrenen Football Club  <\/strong><a href=\"https:\/\/rostrenenfc.fr\/\" data-type=\"URL\" data-id=\"https:\/\/rostrenenfc.fr\/\">https:\/\/rostrenenfc.fr\/<\/a><\/p>\n\n\n\n<p class=\"has-text-align-center\"><a href=\"https:\/\/www.facebook.com\/RostrenenFC\/?locale=fr_FR\" data-type=\"URL\" data-id=\"https:\/\/www.facebook.com\/RostrenenFC\/?locale=fr_FR\">https:\/\/www.facebook.com\/RostrenenFC\/?locale=fr_FR<\/a><strong> <\/strong><\/p>\n\n\n\n<p class=\"has-text-align-center\"><strong>Cyclo Club du Blavet<\/strong> <a href=\"https:\/\/www.facebook.com\/CCBlavet\/?locale=fr_FR\" data-type=\"URL\" data-id=\"https:\/\/www.facebook.com\/CCBlavet\/?locale=fr_FR\">https:\/\/www.facebook.com\/CCBlavet\/?locale=fr_FR<\/a><\/p>\n\n\n\n<p class=\"has-text-align-center\"><strong>Athl\u00e9tisme Sud 22<\/strong> <a href=\"http:\/\/as22.athle.com\/asp.net\/espaces.html\/html.aspx?id=19249\" data-type=\"URL\" data-id=\"http:\/\/as22.athle.com\/asp.net\/espaces.html\/html.aspx?id=19249\">http:\/\/as22.athle.com\/asp.net\/espaces.html\/html.aspx?id=19249<\/a><\/p>\n\n\n\n<hr class=\"wp-block-separator has-alpha-channel-opacity\"\/>\n\n\n\n<h2 class=\"wp-block-heading has-text-align-center\"><span style=\"color: #000080;\"><strong>Nos institutions partenaires<\/strong><\/span><\/h2>\n\n\n\n<p class=\"has-text-align-center\">Nous travaillons aussi en collaboration avec : <\/p>\n\n\n\n<p class=\"has-text-align-center\">Les villes de Rostrenen, Mellionnec, Kergrist Mo\u00eblou, Plouguernevel. <\/p>\n\n\n\n<p class=\"has-text-align-center\">Le Conseil D\u00e9partemental des C\u00f4tes d&#8217;Armor, le Pays Centre Ouest Bretagne, La Communaut\u00e9 de Communes du Kreiz Breizh, <\/p>\n\n\n\n<p class=\"has-text-align-center\">L&#8217;Agence Nationale du Sport,<\/p>\n\n\n\n<p class=\"has-text-align-center\">Les \u00e9tablissements scolaires Edouard Herriot et Campostal, <\/p>\n\n\n\n<p class=\"has-text-align-center\">la Base Nature &amp; Nautique de Tr\u00e9margat, <\/p>\n\n\n\n<figure class=\"wp-block-image\"><img alt=\"\"\/><\/figure>\n","protected":false},"excerpt":{"rendered":"<p>Tout au long de l&#8217;ann\u00e9e, l&#8217;Office des Sports de Rostrenen (association, loi 1901) propose des activit\u00e9s sportives et de loisirs, pour tous niveaux et tous \u00e2ges. &nbsp;&nbsp;&nbsp;&nbsp;&nbsp;&nbsp;&nbsp; &nbsp; &nbsp; &nbsp; &nbsp; &nbsp; &nbsp; &nbsp; &nbsp; &nbsp; &nbsp;&nbsp;&nbsp;&nbsp;&nbsp;&nbsp; 2024 \/ 2025 sera sur le signe du sport sant\u00e9&nbsp; bien \u00eatre pour tous !!!&nbsp; Quelles que soient &hellip; <a href=\"https:\/\/omsrostrenen.fr\/\" class=\"more-link\">Continue reading <span class=\"screen-reader-text\"><\/span><\/a><\/p>\n","protected":false},"author":1,"featured_media":0,"parent":0,"menu_order":0,"comment_status":"closed","ping_status":"open","template":"","meta":{"ngg_post_thumbnail":0},"_links":{"self":[{"href":"https:\/\/omsrostrenen.fr\/index.php\/wp-json\/wp\/v2\/pages\/2"}],"collection":[{"href":"https:\/\/omsrostrenen.fr\/index.php\/wp-json\/wp\/v2\/pages"}],"about":[{"href":"https:\/\/omsrostrenen.fr\/index.php\/wp-json\/wp\/v2\/types\/page"}],"author":[{"embeddable":true,"href":"https:\/\/omsrostrenen.fr\/index.php\/wp-json\/wp\/v2\/users\/1"}],"replies":[{"embeddable":true,"href":"https:\/\/omsrostrenen.fr\/index.php\/wp-json\/wp\/v2\/comments?post=2"}],"version-history":[{"count":126,"href":"https:\/\/omsrostrenen.fr\/index.php\/wp-json\/wp\/v2\/pages\/2\/revisions"}],"predecessor-version":[{"id":355,"href":"https:\/\/omsrostrenen.fr\/index.php\/wp-json\/wp\/v2\/pages\/2\/revisions\/355"}],"wp:attachment":[{"href":"https:\/\/omsrostrenen.fr\/index.php\/wp-json\/wp\/v2\/media?parent=2"}],"curies":[{"name":"wp","href":"https:\/\/api.w.org\/{rel}","templated":true}]}}